{"id":3033,"date":"2022-03-12T16:35:28","date_gmt":"2022-03-12T16:35:28","guid":{"rendered":"https:\/\/bm-webcongress.it\/?page_id=3033"},"modified":"2022-11-18T15:57:10","modified_gmt":"2022-11-18T15:57:10","slug":"bm-2022-razionale","status":"publish","type":"page","link":"https:\/\/bm-webcongress.it\/index.php\/bm-2022-razionale\/","title":{"rendered":"B&#038;M 2022 RAZIONALE"},"content":{"rendered":"\t\t<div data-elementor-type=\"wp-page\" data-elementor-id=\"3033\" class=\"elementor elementor-3033\">\n\t\t\t\t\t\t<section class=\"elementor-section elementor-top-section elementor-element elementor-element-21f4f79 elementor-section-boxed elementor-section-height-default elementor-section-height-default\" data-id=\"21f4f79\" data-element_type=\"section\" data-e-type=\"section\">\n\t\t\t\t\t\t<div class=\"elementor-container elementor-column-gap-default\">\n\t\t\t\t\t<div class=\"elementor-column elementor-col-100 elementor-top-column elementor-element elementor-element-a8046f9\" data-id=\"a8046f9\" data-element_type=\"column\" data-e-type=\"column\">\n\t\t\t<div class=\"elementor-widget-wrap elementor-element-populated\">\n\t\t\t\t\t\t<div class=\"elementor-element elementor-element-bb26f6e elementor-widget elementor-widget-image\" data-id=\"bb26f6e\" data-element_type=\"widget\" data-e-type=\"widget\" data-widget_type=\"image.default\">\n\t\t\t\t<div class=\"elementor-widget-container\">\n\t\t\t\t\t\t\t\t\t\t\t\t\t\t\t<img fetchpriority=\"high\" decoding=\"async\" width=\"1024\" height=\"202\" src=\"https:\/\/bm-webcongress.it\/wp-content\/uploads\/2022\/03\/head2022-1024x202.png\" class=\"attachment-large size-large wp-image-3035\" alt=\"\" srcset=\"https:\/\/bm-webcongress.it\/wp-content\/uploads\/2022\/03\/head2022-1024x202.png 1024w, https:\/\/bm-webcongress.it\/wp-content\/uploads\/2022\/03\/head2022-300x59.png 300w, https:\/\/bm-webcongress.it\/wp-content\/uploads\/2022\/03\/head2022-768x152.png 768w, https:\/\/bm-webcongress.it\/wp-content\/uploads\/2022\/03\/head2022.png 1084w\" sizes=\"(max-width: 1024px) 100vw, 1024px\" \/>\t\t\t\t\t\t\t\t\t\t\t\t\t\t\t<\/div>\n\t\t\t\t<\/div>\n\t\t\t\t\t<\/div>\n\t\t<\/div>\n\t\t\t\t\t<\/div>\n\t\t<\/section>\n\t\t\t\t<section class=\"elementor-section elementor-top-section elementor-element elementor-element-0b1586b elementor-section-boxed elementor-section-height-default elementor-section-height-default\" data-id=\"0b1586b\" data-element_type=\"section\" data-e-type=\"section\">\n\t\t\t\t\t\t<div class=\"elementor-container elementor-column-gap-default\">\n\t\t\t\t\t<div class=\"elementor-column elementor-col-100 elementor-top-column elementor-element elementor-element-e90a17e\" data-id=\"e90a17e\" data-element_type=\"column\" data-e-type=\"column\">\n\t\t\t<div class=\"elementor-widget-wrap elementor-element-populated\">\n\t\t\t\t\t\t<div class=\"elementor-element elementor-element-162ae9e elementor-widget elementor-widget-spacer\" data-id=\"162ae9e\" data-element_type=\"widget\" data-e-type=\"widget\" data-widget_type=\"spacer.default\">\n\t\t\t\t<div class=\"elementor-widget-container\">\n\t\t\t\t\t\t\t<div class=\"elementor-spacer\">\n\t\t\t<div class=\"elementor-spacer-inner\"><\/div>\n\t\t<\/div>\n\t\t\t\t\t\t<\/div>\n\t\t\t\t<\/div>\n\t\t\t\t<div class=\"elementor-element elementor-element-c1a89de elementor-widget elementor-widget-heading\" data-id=\"c1a89de\" data-element_type=\"widget\" data-e-type=\"widget\" data-widget_type=\"heading.default\">\n\t\t\t\t<div class=\"elementor-widget-container\">\n\t\t\t\t\t<h3 class=\"elementor-heading-title elementor-size-default\">RAZIONALE<\/h3>\t\t\t\t<\/div>\n\t\t\t\t<\/div>\n\t\t\t\t<div class=\"elementor-element elementor-element-926f577 elementor-widget elementor-widget-text-editor\" data-id=\"926f577\" data-element_type=\"widget\" data-e-type=\"widget\" data-widget_type=\"text-editor.default\">\n\t\t\t\t<div class=\"elementor-widget-container\">\n\t\t\t\t\t\t\t\t\t<p>Il Congresso Nazionale B&amp;M \u201cNutrizione e Neurodegenerazione\u201d, giunto alla sua undicesima edizione, si terr\u00e0 dal 12 al 13 maggio 2022 e si occuper\u00e0, come ormai \u00e8 tradizione, di tematiche scientifiche che accomunano Neurologia e Nutrizione.<br \/>Nonostante la pandemia da Covid-19, quest\u2019anno torneremo in presenza: il Grand Hotel Villa Torretta di Sesto San Giovanni (Milano), far\u00e0 da cornice all\u2019evento.<\/p><p>Anche quest\u2019anno il Congresso sar\u00e0 organizzato in collaborazione con la Fondazione Grigioni per il Morbo di Parkinson e sar\u00e0 suddiviso in due sessioni.<\/p><p>Interverranno, come di consueto, ospiti di fama internazionale.<\/p><p>Nella sessione \u201cArea Neurologica\u201d che si terr\u00e0 il pomeriggio del giorno 12 maggio 2022, i relatori, di elevato livello scientifico, avranno l\u2019obiettivo di aggiornare i partecipanti su tutti gli aspetti che riguardano la Malattia di Parkinson, dalla diagnosi al trattamento farmacologico.<br \/>Modereranno la sessione il Prof. Gianni Pezzoli, Presidente dell\u2019Associazione Italiana Parkinsoniani e della Fondazione Grigioni per il Morbo di Parkinson e Presidente scientifico B&amp;M e il Prof. Ioannis U. Isaias, Direttore del Centro Parkinson e Parkinsonismi presso l\u2019ASST Gaetano Pini CTO, Milano.<br \/>Si parler\u00e0 di Neuroimaging, di nuove terapie farmacologiche e di terapie complesse, quali la Deep Brain Stimulation e l\u2019infusione continua della forma gelificata di Levodopa. Verranno illustrate alcune importanti novit\u00e0 sulla possibile correlazione tra Diabete e Malattia di Parkinson. Si parler\u00e0 dell\u2019importanza della vitamina D, hot topic della ricerca scientifica degli ultimi anni e di una possibile correlazione tra carenza di vitamina D e Malattia di Parkinson. Non mancheranno i progressi del Progetto Africa, da diversi anni dedicato allo studio del legume Mucuna Pruriens, utilizzato per trattare la malattia di Parkinson nelle aree a basso reddito.<\/p><p>Nella sessione \u201cArea Metabolica e Nutrizione Clinica\u201d gli esperti affronteranno invece alcune tra le principali e pi\u00f9 innovative tematiche nutrizionali e metaboliche, valorizzando il tema portante di B&amp;M Association, ovvero la stretta correlazione tra neurologia e alimentazione.<br \/>Ci si occuper\u00e0 di microbiota intestinale, con particolare attenzione all\u2019utilizzo clinico di probiotici e prebiotici. Verr\u00e0 trattato il tema dell\u2019Obesit\u00e0, discutendo le pi\u00f9 importanti strategie disponibili, tra le quali la terapia farmacologica, l\u2019utilizzo di integratori dedicati al controllo del peso e alla riduzione del rischio cardiovascolare, la dieta chetogenica (utilizzata anche per trattare le complicanze dell\u2019Obesit\u00e0 stessa, come il diabete mellito di tipo II). Ci si soffermer\u00e0 su quest\u2019ultima e sulle sue applicazioni in ambito clinico, con un particolare focus sulle malattie neurodegenerative.<br \/>Non mancher\u00e0 un update sugli interventi nutrizionali in ambito neurologico e geriatrico con un focus sulle supplementazioni orali specifiche per patologie neurodegenerative e per complicanze quali sarcopenia, decadimento cognitivo e disfagia. Si parler\u00e0 infine di malnutrizione per difetto e dell\u2019importanza degli alimenti a fini medici speciali come valido sostegno.<\/p><p style=\"text-align: right;\">Prof. Gianni Pezzoli\u00a0\u00a0\u00a0\u00a0\u00a0\u00a0 Dott.ssa Michela Barichella<\/p>\t\t\t\t\t\t\t\t<\/div>\n\t\t\t\t<\/div>\n\t\t\t\t\t<\/div>\n\t\t<\/div>\n\t\t\t\t\t<\/div>\n\t\t<\/section>\n\t\t\t\t<section class=\"elementor-section elementor-top-section elementor-element elementor-element-10c2fd6 elementor-section-boxed elementor-section-height-default elementor-section-height-default\" data-id=\"10c2fd6\" data-element_type=\"section\" data-e-type=\"section\">\n\t\t\t\t\t\t<div class=\"elementor-container elementor-column-gap-default\">\n\t\t\t\t\t<div class=\"elementor-column elementor-col-33 elementor-top-column elementor-element elementor-element-4579a22c\" data-id=\"4579a22c\" data-element_type=\"column\" data-e-type=\"column\">\n\t\t\t<div class=\"elementor-widget-wrap\">\n\t\t\t\t\t\t\t<\/div>\n\t\t<\/div>\n\t\t\t\t<div class=\"elementor-column elementor-col-33 elementor-top-column elementor-element elementor-element-3da1857d\" data-id=\"3da1857d\" data-element_type=\"column\" data-e-type=\"column\">\n\t\t\t<div class=\"elementor-widget-wrap elementor-element-populated\">\n\t\t\t\t\t\t<div class=\"elementor-element elementor-element-2dd49b72 elementor-widget elementor-widget-video\" data-id=\"2dd49b72\" data-element_type=\"widget\" data-e-type=\"widget\" data-settings=\"{&quot;youtube_url&quot;:&quot;https:\\\/\\\/youtu.be\\\/0swMlQ4J16I&quot;,&quot;video_type&quot;:&quot;youtube&quot;,&quot;controls&quot;:&quot;yes&quot;}\" data-widget_type=\"video.default\">\n\t\t\t\t<div class=\"elementor-widget-container\">\n\t\t\t\t\t\t\t<div class=\"elementor-wrapper elementor-open-inline\">\n\t\t\t<div class=\"elementor-video\"><\/div>\t\t<\/div>\n\t\t\t\t\t\t<\/div>\n\t\t\t\t<\/div>\n\t\t\t\t\t<\/div>\n\t\t<\/div>\n\t\t\t\t<div class=\"elementor-column elementor-col-33 elementor-top-column elementor-element elementor-element-5124813b\" data-id=\"5124813b\" data-element_type=\"column\" data-e-type=\"column\">\n\t\t\t<div class=\"elementor-widget-wrap\">\n\t\t\t\t\t\t\t<\/div>\n\t\t<\/div>\n\t\t\t\t\t<\/div>\n\t\t<\/section>\n\t\t\t\t<section class=\"elementor-section elementor-top-section elementor-element elementor-element-ac2bc6d elementor-section-boxed elementor-section-height-default elementor-section-height-default\" data-id=\"ac2bc6d\" data-element_type=\"section\" data-e-type=\"section\" data-settings=\"{&quot;background_background&quot;:&quot;classic&quot;}\">\n\t\t\t\t\t\t<div class=\"elementor-container elementor-column-gap-default\">\n\t\t\t\t\t<div class=\"elementor-column elementor-col-100 elementor-top-column elementor-element elementor-element-6851a607\" data-id=\"6851a607\" data-element_type=\"column\" data-e-type=\"column\">\n\t\t\t<div class=\"elementor-widget-wrap elementor-element-populated\">\n\t\t\t\t\t\t<section class=\"elementor-section elementor-inner-section elementor-element elementor-element-7c6668e4 elementor-section-boxed elementor-section-height-default elementor-section-height-default\" data-id=\"7c6668e4\" data-element_type=\"section\" data-e-type=\"section\">\n\t\t\t\t\t\t<div class=\"elementor-container elementor-column-gap-default\">\n\t\t\t\t\t<div class=\"elementor-column elementor-col-50 elementor-inner-column elementor-element elementor-element-3502a806\" data-id=\"3502a806\" data-element_type=\"column\" data-e-type=\"column\">\n\t\t\t<div class=\"elementor-widget-wrap elementor-element-populated\">\n\t\t\t\t\t\t<div class=\"elementor-element elementor-element-6f7f1fc2 elementor-widget elementor-widget-heading\" data-id=\"6f7f1fc2\" data-element_type=\"widget\" data-e-type=\"widget\" data-widget_type=\"heading.default\">\n\t\t\t\t<div class=\"elementor-widget-container\">\n\t\t\t\t\t<h4 class=\"elementor-heading-title elementor-size-default\">SESSIONE AREA NEUROLOGICA<br>\nGIOVED\u00ec 12 MAGGIO 2022<\/h4>\t\t\t\t<\/div>\n\t\t\t\t<\/div>\n\t\t\t\t<div class=\"elementor-element elementor-element-5d7f09c9 elementor-widget elementor-widget-video\" data-id=\"5d7f09c9\" data-element_type=\"widget\" data-e-type=\"widget\" data-settings=\"{&quot;youtube_url&quot;:&quot;https:\\\/\\\/youtu.be\\\/ghUA5LTvFTI&quot;,&quot;yt_privacy&quot;:&quot;yes&quot;,&quot;video_type&quot;:&quot;youtube&quot;,&quot;controls&quot;:&quot;yes&quot;}\" data-widget_type=\"video.default\">\n\t\t\t\t<div class=\"elementor-widget-container\">\n\t\t\t\t\t\t\t<div class=\"elementor-wrapper elementor-open-inline\">\n\t\t\t<div class=\"elementor-video\"><\/div>\t\t<\/div>\n\t\t\t\t\t\t<\/div>\n\t\t\t\t<\/div>\n\t\t\t\t\t<\/div>\n\t\t<\/div>\n\t\t\t\t<div class=\"elementor-column elementor-col-50 elementor-inner-column elementor-element elementor-element-7b6ff71b\" data-id=\"7b6ff71b\" data-element_type=\"column\" data-e-type=\"column\">\n\t\t\t<div class=\"elementor-widget-wrap elementor-element-populated\">\n\t\t\t\t\t\t<div class=\"elementor-element elementor-element-47488738 elementor-widget elementor-widget-heading\" data-id=\"47488738\" data-element_type=\"widget\" data-e-type=\"widget\" data-widget_type=\"heading.default\">\n\t\t\t\t<div class=\"elementor-widget-container\">\n\t\t\t\t\t<h4 class=\"elementor-heading-title elementor-size-default\">TAVOLA ROTONDA<br>\n12 MAGGIO 2022<\/h4>\t\t\t\t<\/div>\n\t\t\t\t<\/div>\n\t\t\t\t<div class=\"elementor-element elementor-element-5faba12a elementor-widget elementor-widget-video\" data-id=\"5faba12a\" data-element_type=\"widget\" data-e-type=\"widget\" data-settings=\"{&quot;youtube_url&quot;:&quot;https:\\\/\\\/youtu.be\\\/LufVoCbYTls&quot;,&quot;yt_privacy&quot;:&quot;yes&quot;,&quot;video_type&quot;:&quot;youtube&quot;,&quot;controls&quot;:&quot;yes&quot;}\" data-widget_type=\"video.default\">\n\t\t\t\t<div class=\"elementor-widget-container\">\n\t\t\t\t\t\t\t<div class=\"elementor-wrapper elementor-open-inline\">\n\t\t\t<div class=\"elementor-video\"><\/div>\t\t<\/div>\n\t\t\t\t\t\t<\/div>\n\t\t\t\t<\/div>\n\t\t\t\t\t<\/div>\n\t\t<\/div>\n\t\t\t\t\t<\/div>\n\t\t<\/section>\n\t\t\t\t<section class=\"elementor-section elementor-inner-section elementor-element elementor-element-73b89b8 elementor-section-boxed elementor-section-height-default elementor-section-height-default\" data-id=\"73b89b8\" data-element_type=\"section\" data-e-type=\"section\">\n\t\t\t\t\t\t<div class=\"elementor-container elementor-column-gap-default\">\n\t\t\t\t\t<div class=\"elementor-column elementor-col-50 elementor-inner-column elementor-element elementor-element-5148eb29\" data-id=\"5148eb29\" data-element_type=\"column\" data-e-type=\"column\">\n\t\t\t<div class=\"elementor-widget-wrap elementor-element-populated\">\n\t\t\t\t\t\t<div class=\"elementor-element elementor-element-183f7e53 elementor-widget elementor-widget-heading\" data-id=\"183f7e53\" data-element_type=\"widget\" data-e-type=\"widget\" data-widget_type=\"heading.default\">\n\t\t\t\t<div class=\"elementor-widget-container\">\n\t\t\t\t\t<h4 class=\"elementor-heading-title elementor-size-default\">SESSIONE AREA METABOLICA E NUTRIZIONE CLINICA \u2013 1<sup>a<\/sup> PARTE<br>\nVenerd\u00ec 13 MAGGIO 2022<\/h4>\t\t\t\t<\/div>\n\t\t\t\t<\/div>\n\t\t\t\t<div class=\"elementor-element elementor-element-7b4cdaf3 elementor-widget elementor-widget-video\" data-id=\"7b4cdaf3\" data-element_type=\"widget\" data-e-type=\"widget\" data-settings=\"{&quot;youtube_url&quot;:&quot;https:\\\/\\\/youtu.be\\\/UYWF2z3D9mY&quot;,&quot;yt_privacy&quot;:&quot;yes&quot;,&quot;video_type&quot;:&quot;youtube&quot;,&quot;controls&quot;:&quot;yes&quot;}\" data-widget_type=\"video.default\">\n\t\t\t\t<div class=\"elementor-widget-container\">\n\t\t\t\t\t\t\t<div class=\"elementor-wrapper elementor-open-inline\">\n\t\t\t<div class=\"elementor-video\"><\/div>\t\t<\/div>\n\t\t\t\t\t\t<\/div>\n\t\t\t\t<\/div>\n\t\t\t\t\t<\/div>\n\t\t<\/div>\n\t\t\t\t<div class=\"elementor-column elementor-col-50 elementor-inner-column elementor-element elementor-element-5a359385\" data-id=\"5a359385\" data-element_type=\"column\" data-e-type=\"column\">\n\t\t\t<div class=\"elementor-widget-wrap elementor-element-populated\">\n\t\t\t\t\t\t<div class=\"elementor-element elementor-element-7ae92d7a elementor-widget elementor-widget-heading\" data-id=\"7ae92d7a\" data-element_type=\"widget\" data-e-type=\"widget\" data-widget_type=\"heading.default\">\n\t\t\t\t<div class=\"elementor-widget-container\">\n\t\t\t\t\t<h4 class=\"elementor-heading-title elementor-size-default\">SESSIONE AREA METABOLICA E NUTRIZIONE CLINICA \u2013 2<sup>a<\/sup> PARTE<br>\nVenerd\u00ec 13 MAGGIO 2022<\/h4>\t\t\t\t<\/div>\n\t\t\t\t<\/div>\n\t\t\t\t<div class=\"elementor-element elementor-element-5af85f98 elementor-widget elementor-widget-video\" data-id=\"5af85f98\" data-element_type=\"widget\" data-e-type=\"widget\" data-settings=\"{&quot;youtube_url&quot;:&quot;https:\\\/\\\/youtu.be\\\/J4cdH-hrACE&quot;,&quot;yt_privacy&quot;:&quot;yes&quot;,&quot;video_type&quot;:&quot;youtube&quot;,&quot;controls&quot;:&quot;yes&quot;}\" data-widget_type=\"video.default\">\n\t\t\t\t<div class=\"elementor-widget-container\">\n\t\t\t\t\t\t\t<div class=\"elementor-wrapper elementor-open-inline\">\n\t\t\t<div class=\"elementor-video\"><\/div>\t\t<\/div>\n\t\t\t\t\t\t<\/div>\n\t\t\t\t<\/div>\n\t\t\t\t\t<\/div>\n\t\t<\/div>\n\t\t\t\t\t<\/div>\n\t\t<\/section>\n\t\t\t\t<div class=\"elementor-element elementor-element-7866a1b2 elementor-widget-divider--view-line elementor-widget elementor-widget-divider\" data-id=\"7866a1b2\" data-element_type=\"widget\" data-e-type=\"widget\" data-widget_type=\"divider.default\">\n\t\t\t\t<div class=\"elementor-widget-container\">\n\t\t\t\t\t\t\t<div class=\"elementor-divider\">\n\t\t\t<span class=\"elementor-divider-separator\">\n\t\t\t\t\t\t<\/span>\n\t\t<\/div>\n\t\t\t\t\t\t<\/div>\n\t\t\t\t<\/div>\n\t\t\t\t\t<\/div>\n\t\t<\/div>\n\t\t\t\t\t<\/div>\n\t\t<\/section>\n\t\t\t\t<\/div>\n\t\t","protected":false},"excerpt":{"rendered":"<p>RAZIONALE Il Congresso Nazionale B&amp;M \u201cNutrizione e Neurodegenerazione\u201d, giunto alla sua undicesima edizione, si terr\u00e0 dal 12 al 13 maggio 2022 e si occuper\u00e0, come ormai \u00e8 tradizione, di tematiche scientifiche che accomunano Neurologia e Nutrizione.Nonostante la pandemia da Covid-19, quest\u2019anno torneremo in presenza: il Grand Hotel Villa Torretta di Sesto San Giovanni (Milano), far\u00e0&hellip;&nbsp;<a href=\"https:\/\/bm-webcongress.it\/index.php\/bm-2022-razionale\/\" rel=\"bookmark\">Read More &raquo;<span class=\"screen-reader-text\">B&#038;M 2022 RAZIONALE<\/span><\/a><\/p>\n","protected":false},"author":1,"featured_media":0,"parent":0,"menu_order":0,"comment_status":"closed","ping_status":"closed","template":"elementor_header_footer","meta":{"neve_meta_sidebar":"full-width","neve_meta_container":"","neve_meta_enable_content_width":"on","neve_meta_content_width":100,"neve_meta_title_alignment":"","neve_meta_author_avatar":"","neve_post_elements_order":"","neve_meta_disable_header":"","neve_meta_disable_footer":"","neve_meta_disable_title":"","neve_meta_reading_time":"","footnotes":""},"class_list":["post-3033","page","type-page","status-publish","hentry"],"_links":{"self":[{"href":"https:\/\/bm-webcongress.it\/index.php\/wp-json\/wp\/v2\/pages\/3033","targetHints":{"allow":["GET"]}}],"collection":[{"href":"https:\/\/bm-webcongress.it\/index.php\/wp-json\/wp\/v2\/pages"}],"about":[{"href":"https:\/\/bm-webcongress.it\/index.php\/wp-json\/wp\/v2\/types\/page"}],"author":[{"embeddable":true,"href":"https:\/\/bm-webcongress.it\/index.php\/wp-json\/wp\/v2\/users\/1"}],"replies":[{"embeddable":true,"href":"https:\/\/bm-webcongress.it\/index.php\/wp-json\/wp\/v2\/comments?post=3033"}],"version-history":[{"count":20,"href":"https:\/\/bm-webcongress.it\/index.php\/wp-json\/wp\/v2\/pages\/3033\/revisions"}],"predecessor-version":[{"id":3372,"href":"https:\/\/bm-webcongress.it\/index.php\/wp-json\/wp\/v2\/pages\/3033\/revisions\/3372"}],"wp:attachment":[{"href":"https:\/\/bm-webcongress.it\/index.php\/wp-json\/wp\/v2\/media?parent=3033"}],"curies":[{"name":"wp","href":"https:\/\/api.w.org\/{rel}","templated":true}]}}